{"id":47,"date":"2023-07-16T10:38:18","date_gmt":"2023-07-16T08:38:18","guid":{"rendered":"https:\/\/borismeggiorin.com\/?page_id=47"},"modified":"2023-08-17T11:36:28","modified_gmt":"2023-08-17T09:36:28","slug":"eu-funding-project-management","status":"publish","type":"page","link":"https:\/\/borismeggiorin.com\/fr\/gestion-des-projets-de-financement-de-lue\/","title":{"rendered":"Financement de l'UE et gestion de projets"},"content":{"rendered":"<p><strong>Services de financement UE de projets<\/strong><\/p>\n\n\n\n<p>L'Union europ\u00e9enne est un partenaire financier cl\u00e9 pour les projets locaux, en tant que fournisseur de fonds et de savoir-faire. La ma\u00eetrise de la technique de d\u00e9p\u00f4t d'une demande r\u00e9ussie de projet fait partie de l'ensemble des comp\u00e9tences strat\u00e9giques que j'ai acquises au fil des ans.<\/p>\n\n\n\n<p>Lorsqu'il s'agit du d\u00e9veloppement d'une organisation, la dimension internationale est un facteur cl\u00e9 de la viabilit\u00e9 financi\u00e8re, du transfert de connaissances et du d\u00e9veloppement de la marque.<\/p>\n\n\n\n<p>Mon exp\u00e9rience comprend l'audit des besoins et des opportunit\u00e9s, des partenaires potentiels et des th\u00e8mes, la conception d'une strat\u00e9gie efficace et sa mise en \u0153uvre. Les fonds de l'Union europ\u00e9enne, parmi d'autres subventions internationales, sont essentiels \u00e0 la r\u00e9ussite et \u00e0 la r\u00e9silience du d\u00e9veloppement international de toute organisation.<\/p>\n\n\n\n<p>Conseil : analyse du probl\u00e8me, d\u00e9finition des besoins, des ressources et des contraintes, production de recommandations en tant que produits livrables. Le travail de conseil peut inclure d'autres orientations en fonction des besoins du client. Par exemple, produire des \u00e9l\u00e9ments pour soutenir le processus de prise de d\u00e9cision ou d\u00e9fendre une voie de d\u00e9veloppement et sa mise en \u0153uvre.<\/p>\n\n\n\n<p>Outre les conseils, j'apporte mon soutien \u00e0 la mise en \u0153uvre des strat\u00e9gies et des recommandations, en soutenant les efforts des \u00e9quipes impliqu\u00e9es (transformation des id\u00e9es en propositions, r\u00e9daction technique, collecte et analyse des donn\u00e9es).<\/p>\n\n\n\n<p>Formation : renforcement des capacit\u00e9s sur des sujets tels que le financement de l'UE, l'internationalisation, les comp\u00e9tences interculturelles et d'autres sujets pertinents.<\/p>\n\n\n\n<p>Externalisation : \u00e9laboration de projets et candidature aux appels de fonds de l'UE. Conception d'id\u00e9es, r\u00e9daction de documents interm\u00e9diaires et de projets, lobbying, cr\u00e9ation de partenariats ; cela comprend \u00e9galement la coordination de r\u00e9unions et la production d'\u00e9v\u00e9nements, en ligne, hors ligne et hybrides. Gestion des projets approuv\u00e9s, mise en \u0153uvre des activit\u00e9s, livraison des produits, suivi des r\u00e9sultats et \u00e9valuation des impacts. Soutien technique \u00e0 l'audit financier et \u00e0 la certification des d\u00e9penses.<\/p>\n\n\n\n<p><strong>Voici un aper\u00e7u de quelques projets europ\u00e9ens : <\/strong><\/p>\n\n\n\n<figure class=\"wp-block-gallery has-nested-images columns-default is-cropped wp-block-gallery-1 is-layout-flex wp-block-gallery-is-layout-flex\">\n<figure class=\"wp-block-image size-large\"><a href=\"https:\/\/borismeggiorin.com\/fr\/nouveau-bauhaus-europeen\/\"><img decoding=\"async\" width=\"1024\" height=\"1024\" data-id=\"94\" data-src=\"https:\/\/borismeggiorin.com\/wp-content\/uploads\/2023\/08\/2023-08-05-22-52-31-302-1024x1024.jpg\" alt=\"\" class=\"wp-image-94 lazyload\" data-srcset=\"https:\/\/borismeggiorin.com\/wp-content\/uploads\/2023\/08\/2023-08-05-22-52-31-302-1024x1024.jpg 1024w, https:\/\/borismeggiorin.com\/wp-content\/uploads\/2023\/08\/2023-08-05-22-52-31-302-300x300.jpg 300w, https:\/\/borismeggiorin.com\/wp-content\/uploads\/2023\/08\/2023-08-05-22-52-31-302-150x150.jpg 150w, https:\/\/borismeggiorin.com\/wp-content\/uploads\/2023\/08\/2023-08-05-22-52-31-302-768x769.jpg 768w, https:\/\/borismeggiorin.com\/wp-content\/uploads\/2023\/08\/2023-08-05-22-52-31-302.jpg 1065w\" data-sizes=\"(max-width: 1024px) 100vw, 1024px\" src=\"data:image\/svg+xml;base64,PHN2ZyB3aWR0aD0iMSIgaGVpZ2h0PSIxIiB4bWxucz0iaHR0cDovL3d3dy53My5vcmcvMjAwMC9zdmciPjwvc3ZnPg==\" style=\"--smush-placeholder-width: 1024px; --smush-placeholder-aspect-ratio: 1024\/1024;\" \/><\/a><figcaption class=\"wp-element-caption\">New European Bauhaus<\/figcaption><\/figure>\n\n\n\n<figure class=\"wp-block-image size-large\"><a href=\"https:\/\/borismeggiorin.com\/fr\/brgm-agence-geologique-francaise\/\"><img decoding=\"async\" width=\"600\" height=\"600\" data-id=\"97\" data-src=\"https:\/\/borismeggiorin.com\/wp-content\/uploads\/2023\/08\/2023-08-05-23-03-16-068.jpg\" alt=\"\" class=\"wp-image-97 lazyload\" data-srcset=\"https:\/\/borismeggiorin.com\/wp-content\/uploads\/2023\/08\/2023-08-05-23-03-16-068.jpg 600w, https:\/\/borismeggiorin.com\/wp-content\/uploads\/2023\/08\/2023-08-05-23-03-16-068-300x300.jpg 300w, https:\/\/borismeggiorin.com\/wp-content\/uploads\/2023\/08\/2023-08-05-23-03-16-068-150x150.jpg 150w\" data-sizes=\"(max-width: 600px) 100vw, 600px\" src=\"data:image\/svg+xml;base64,PHN2ZyB3aWR0aD0iMSIgaGVpZ2h0PSIxIiB4bWxucz0iaHR0cDovL3d3dy53My5vcmcvMjAwMC9zdmciPjwvc3ZnPg==\" style=\"--smush-placeholder-width: 600px; --smush-placeholder-aspect-ratio: 600\/600;\" \/><\/a><figcaption class=\"wp-element-caption\">BRGM Service g\u00e9ologique national<\/figcaption><\/figure>\n\n\n\n<figure class=\"wp-block-image size-large\"><a href=\"https:\/\/borismeggiorin.com\/fr\/deus-labs-vivants-erasmus\/\"><img decoding=\"async\" width=\"1024\" height=\"1024\" data-id=\"278\" data-src=\"https:\/\/borismeggiorin.com\/wp-content\/uploads\/2023\/08\/2023-08-07-23-41-51-278.jpg\" alt=\"\" class=\"wp-image-278 lazyload\" data-srcset=\"https:\/\/borismeggiorin.com\/wp-content\/uploads\/2023\/08\/2023-08-07-23-41-51-278.jpg 1024w, https:\/\/borismeggiorin.com\/wp-content\/uploads\/2023\/08\/2023-08-07-23-41-51-278-300x300.jpg 300w, https:\/\/borismeggiorin.com\/wp-content\/uploads\/2023\/08\/2023-08-07-23-41-51-278-150x150.jpg 150w, https:\/\/borismeggiorin.com\/wp-content\/uploads\/2023\/08\/2023-08-07-23-41-51-278-768x768.jpg 768w\" data-sizes=\"(max-width: 1024px) 100vw, 1024px\" src=\"data:image\/svg+xml;base64,PHN2ZyB3aWR0aD0iMSIgaGVpZ2h0PSIxIiB4bWxucz0iaHR0cDovL3d3dy53My5vcmcvMjAwMC9zdmciPjwvc3ZnPg==\" style=\"--smush-placeholder-width: 1024px; --smush-placeholder-aspect-ratio: 1024\/1024;\" \/><\/a><figcaption class=\"wp-element-caption\">Deus Living Labs - Erasmus+<\/figcaption><\/figure>\n\n\n\n<figure class=\"wp-block-image size-large\"><a href=\"https:\/\/borismeggiorin.com\/fr\/recharge\/\"><img decoding=\"async\" width=\"1024\" height=\"1024\" data-id=\"277\" data-src=\"https:\/\/borismeggiorin.com\/wp-content\/uploads\/2023\/08\/2023-08-08-00-35-05-306-1024x1024.jpg\" alt=\"\" class=\"wp-image-277 lazyload\" data-srcset=\"https:\/\/borismeggiorin.com\/wp-content\/uploads\/2023\/08\/2023-08-08-00-35-05-306-1024x1024.jpg 1024w, https:\/\/borismeggiorin.com\/wp-content\/uploads\/2023\/08\/2023-08-08-00-35-05-306-300x300.jpg 300w, https:\/\/borismeggiorin.com\/wp-content\/uploads\/2023\/08\/2023-08-08-00-35-05-306-150x150.jpg 150w, https:\/\/borismeggiorin.com\/wp-content\/uploads\/2023\/08\/2023-08-08-00-35-05-306-768x767.jpg 768w, https:\/\/borismeggiorin.com\/wp-content\/uploads\/2023\/08\/2023-08-08-00-35-05-306.jpg 1080w\" data-sizes=\"(max-width: 1024px) 100vw, 1024px\" src=\"data:image\/svg+xml;base64,PHN2ZyB3aWR0aD0iMSIgaGVpZ2h0PSIxIiB4bWxucz0iaHR0cDovL3d3dy53My5vcmcvMjAwMC9zdmciPjwvc3ZnPg==\" style=\"--smush-placeholder-width: 1024px; --smush-placeholder-aspect-ratio: 1024\/1024;\" \/><\/a><figcaption class=\"wp-element-caption\">REFILL URBACT<\/figcaption><\/figure>\n\n\n\n<figure class=\"wp-block-image size-large\"><a href=\"https:\/\/borismeggiorin.com\/fr\/la-culture-pour-les-villes-et-les-regions\/\"><img decoding=\"async\" width=\"552\" height=\"554\" data-id=\"268\" data-src=\"https:\/\/borismeggiorin.com\/wp-content\/uploads\/2023\/08\/2023-08-08-00-13-08-680.jpg\" alt=\"\" class=\"wp-image-268 lazyload\" data-srcset=\"https:\/\/borismeggiorin.com\/wp-content\/uploads\/2023\/08\/2023-08-08-00-13-08-680.jpg 552w, https:\/\/borismeggiorin.com\/wp-content\/uploads\/2023\/08\/2023-08-08-00-13-08-680-300x300.jpg 300w, https:\/\/borismeggiorin.com\/wp-content\/uploads\/2023\/08\/2023-08-08-00-13-08-680-150x150.jpg 150w\" data-sizes=\"(max-width: 552px) 100vw, 552px\" src=\"data:image\/svg+xml;base64,PHN2ZyB3aWR0aD0iMSIgaGVpZ2h0PSIxIiB4bWxucz0iaHR0cDovL3d3dy53My5vcmcvMjAwMC9zdmciPjwvc3ZnPg==\" style=\"--smush-placeholder-width: 552px; --smush-placeholder-aspect-ratio: 552\/554;\" \/><\/a><figcaption class=\"wp-element-caption\">Culture for cities and regions<\/figcaption><\/figure>\n\n\n\n<figure class=\"wp-block-image size-large\"><a href=\"https:\/\/borismeggiorin.com\/fr\/alliance-europeenne-des-industries-creatives\/\"><img decoding=\"async\" width=\"1024\" height=\"1024\" data-id=\"93\" data-src=\"https:\/\/borismeggiorin.com\/wp-content\/uploads\/2023\/08\/2023-08-05-22-57-01-783-1024x1024.jpg\" alt=\"\" class=\"wp-image-93 lazyload\" data-srcset=\"https:\/\/borismeggiorin.com\/wp-content\/uploads\/2023\/08\/2023-08-05-22-57-01-783-1024x1024.jpg 1024w, https:\/\/borismeggiorin.com\/wp-content\/uploads\/2023\/08\/2023-08-05-22-57-01-783-300x300.jpg 300w, https:\/\/borismeggiorin.com\/wp-content\/uploads\/2023\/08\/2023-08-05-22-57-01-783-150x150.jpg 150w, https:\/\/borismeggiorin.com\/wp-content\/uploads\/2023\/08\/2023-08-05-22-57-01-783-768x768.jpg 768w, https:\/\/borismeggiorin.com\/wp-content\/uploads\/2023\/08\/2023-08-05-22-57-01-783.jpg 1124w\" data-sizes=\"(max-width: 1024px) 100vw, 1024px\" src=\"data:image\/svg+xml;base64,PHN2ZyB3aWR0aD0iMSIgaGVpZ2h0PSIxIiB4bWxucz0iaHR0cDovL3d3dy53My5vcmcvMjAwMC9zdmciPjwvc3ZnPg==\" style=\"--smush-placeholder-width: 1024px; --smush-placeholder-aspect-ratio: 1024\/1024;\" \/><\/a><figcaption class=\"wp-element-caption\">European Creative Industries Alliance<\/figcaption><\/figure>\n<\/figure>\n\n\n\n<p><strong>Parcourez l'ensemble du portefeuille de projets europ\u00e9ens :<\/strong><\/p>\n\n\n\n<figure class=\"wp-block-image size-full\"><a href=\"https:\/\/borismeggiorin.com\/fr\/portefeuille-de-projets-de-lue\/\"><img decoding=\"async\" width=\"604\" height=\"235\" data-src=\"https:\/\/borismeggiorin.com\/wp-content\/uploads\/2023\/08\/euportfolio.png\" alt=\"\" class=\"wp-image-61 lazyload\" data-srcset=\"https:\/\/borismeggiorin.com\/wp-content\/uploads\/2023\/08\/euportfolio.png 604w, https:\/\/borismeggiorin.com\/wp-content\/uploads\/2023\/08\/euportfolio-300x117.png 300w\" data-sizes=\"(max-width: 604px) 100vw, 604px\" src=\"data:image\/svg+xml;base64,PHN2ZyB3aWR0aD0iMSIgaGVpZ2h0PSIxIiB4bWxucz0iaHR0cDovL3d3dy53My5vcmcvMjAwMC9zdmciPjwvc3ZnPg==\" style=\"--smush-placeholder-width: 604px; --smush-placeholder-aspect-ratio: 604\/235;\" \/><\/a><\/figure>","protected":false},"excerpt":{"rendered":"<p>EU project financing services The European Union is a key financial partner to local projects, as a provider of funding and know-how. Mastering the technique to file a successful project application is part of the strategic set of competencies that I have acquired through the years. When it comes to the development of an organisation, [&hellip;]<\/p>\n","protected":false},"author":1,"featured_media":0,"parent":0,"menu_order":0,"comment_status":"closed","ping_status":"closed","template":"","meta":{"footnotes":""},"class_list":["post-47","page","type-page","status-publish","hentry"],"_links":{"self":[{"href":"https:\/\/borismeggiorin.com\/fr\/wp-json\/wp\/v2\/pages\/47","targetHints":{"allow":["GET"]}}],"collection":[{"href":"https:\/\/borismeggiorin.com\/fr\/wp-json\/wp\/v2\/pages"}],"about":[{"href":"https:\/\/borismeggiorin.com\/fr\/wp-json\/wp\/v2\/types\/page"}],"author":[{"embeddable":true,"href":"https:\/\/borismeggiorin.com\/fr\/wp-json\/wp\/v2\/users\/1"}],"replies":[{"embeddable":true,"href":"https:\/\/borismeggiorin.com\/fr\/wp-json\/wp\/v2\/comments?post=47"}],"version-history":[{"count":4,"href":"https:\/\/borismeggiorin.com\/fr\/wp-json\/wp\/v2\/pages\/47\/revisions"}],"predecessor-version":[{"id":369,"href":"https:\/\/borismeggiorin.com\/fr\/wp-json\/wp\/v2\/pages\/47\/revisions\/369"}],"wp:attachment":[{"href":"https:\/\/borismeggiorin.com\/fr\/wp-json\/wp\/v2\/media?parent=47"}],"curies":[{"name":"wp","href":"https:\/\/api.w.org\/{rel}","templated":true}]}}