{"id":311,"date":"2023-08-09T22:35:40","date_gmt":"2023-08-09T20:35:40","guid":{"rendered":"https:\/\/borismeggiorin.com\/?page_id=311"},"modified":"2023-08-17T12:30:16","modified_gmt":"2023-08-17T10:30:16","slug":"311-2","status":"publish","type":"page","link":"https:\/\/borismeggiorin.com\/fr\/311-2\/","title":{"rendered":"A propos de moi"},"content":{"rendered":"<p>Je m'appelle Boris Meggiorin, et je suis sp\u00e9cialis\u00e9 dans la conception et la production de projets hybrides et innovants, notamment dans les domaines de la radio, de la t\u00e9l\u00e9vision, de la presse, de la production d'informations et de la communication internationale pour les institutions publiques.<\/p>\n\n\n\n<p>Mon expertise couvre \u00e9galement la cr\u00e9ation de partenariats internationaux, la gestion des fonds europ\u00e9ens pour le d\u00e9veloppement territorial, la recherche, l'innovation, la r\u00e9g\u00e9n\u00e9ration urbaine, les industries culturelles et cr\u00e9atives.<\/p>\n\n\n\n<p>Depuis 2014, je cr\u00e9e et produis du contenu d'information et de m\u00e9dias et j\u2019anime une \u00e9mission de radio (\u00cele d\u2019Europe) pour plusieurs diffuseurs europ\u00e9ens.<\/p>\n\n\n\n<p>J'ai travaill\u00e9 avec les autorit\u00e9s publiques locales et r\u00e9gionales et leurs agences pour saisir les opportunit\u00e9s offertes par l'Union europ\u00e9enne \u00e0 travers ses programmes de financement.<\/p>\n\n\n\n<p>Je suis passionn\u00e9 par le fonctionnement de l'Union europ\u00e9enne, la culture et les m\u00e9dias.<\/p>\n\n\n\n<p>Les m\u00e9dias, le d\u00e9veloppement de projets, la gestion et le financement sont mes principaux domaines d'intervention.<\/p>\n\n\n\n<p>Mon parcours acad\u00e9mique s'est concentr\u00e9 sur le journalisme, les relations internationales, l'\u00e9conomie, le droit international du commerce et de l'industrie.<\/p>\n\n\n\n<p>Je suis toujours pr\u00eat \u00e0 partager mon expertise avec des \u00e9tablissements d'enseignement sup\u00e9rieur, tels que l'Universit\u00e9 de Barcelone et l'\u00e9cole de commerce Audencia \u00e0 Nantes.<\/p>\n\n\n\n<p>J'ai v\u00e9cu et travaill\u00e9 en Italie, en Espagne, en Su\u00e8de et en France.<\/p>\n\n\n\n<p>Dans mon travail, j'utilise 6 langues (l\u2019anglais, le fran\u00e7ais, l\u2019espagnol, le catalan, l\u2019italien et le portugais).<\/p>\n\n\n\n<p>N'h\u00e9sitez pas \u00e0 me contacter si vous souhaitez discuter de ces sujets plus en d\u00e9tail.<\/p>\n\n\n\n<figure class=\"wp-block-image size-large\"><img decoding=\"async\" width=\"1024\" height=\"1024\" data-src=\"https:\/\/borismeggiorin.com\/wp-content\/uploads\/2023\/08\/Boris-1024x1024.jpg\" alt=\"\" class=\"wp-image-375 lazyload\" data-srcset=\"https:\/\/borismeggiorin.com\/wp-content\/uploads\/2023\/08\/Boris-1024x1024.jpg 1024w, https:\/\/borismeggiorin.com\/wp-content\/uploads\/2023\/08\/Boris-300x300.jpg 300w, https:\/\/borismeggiorin.com\/wp-content\/uploads\/2023\/08\/Boris-150x150.jpg 150w, https:\/\/borismeggiorin.com\/wp-content\/uploads\/2023\/08\/Boris-768x768.jpg 768w, https:\/\/borismeggiorin.com\/wp-content\/uploads\/2023\/08\/Boris-1536x1536.jpg 1536w, https:\/\/borismeggiorin.com\/wp-content\/uploads\/2023\/08\/Boris-12x12.jpg 12w, https:\/\/borismeggiorin.com\/wp-content\/uploads\/2023\/08\/Boris-1200x1200.jpg 1200w, https:\/\/borismeggiorin.com\/wp-content\/uploads\/2023\/08\/Boris.jpg 1942w\" data-sizes=\"(max-width: 1024px) 100vw, 1024px\" src=\"data:image\/svg+xml;base64,PHN2ZyB3aWR0aD0iMSIgaGVpZ2h0PSIxIiB4bWxucz0iaHR0cDovL3d3dy53My5vcmcvMjAwMC9zdmciPjwvc3ZnPg==\" style=\"--smush-placeholder-width: 1024px; --smush-placeholder-aspect-ratio: 1024\/1024;\" \/><figcaption class=\"wp-element-caption\">Boris Meggiorin<\/figcaption><\/figure>","protected":false},"excerpt":{"rendered":"<p>My name is Boris Meggiorin, and I am specialised in the conception and the production of hybrid and innovative projects, especially those involving radio, tv, press, news production and international communication for public institutions. My expertise also covers the creation of international partnerships, the management of European funds for territorial development, research, innovation, urban regeneration, [&hellip;]<\/p>\n","protected":false},"author":1,"featured_media":0,"parent":0,"menu_order":0,"comment_status":"closed","ping_status":"closed","template":"","meta":{"footnotes":""},"class_list":["post-311","page","type-page","status-publish","hentry"],"_links":{"self":[{"href":"https:\/\/borismeggiorin.com\/fr\/wp-json\/wp\/v2\/pages\/311","targetHints":{"allow":["GET"]}}],"collection":[{"href":"https:\/\/borismeggiorin.com\/fr\/wp-json\/wp\/v2\/pages"}],"about":[{"href":"https:\/\/borismeggiorin.com\/fr\/wp-json\/wp\/v2\/types\/page"}],"author":[{"embeddable":true,"href":"https:\/\/borismeggiorin.com\/fr\/wp-json\/wp\/v2\/users\/1"}],"replies":[{"embeddable":true,"href":"https:\/\/borismeggiorin.com\/fr\/wp-json\/wp\/v2\/comments?post=311"}],"version-history":[{"count":11,"href":"https:\/\/borismeggiorin.com\/fr\/wp-json\/wp\/v2\/pages\/311\/revisions"}],"predecessor-version":[{"id":377,"href":"https:\/\/borismeggiorin.com\/fr\/wp-json\/wp\/v2\/pages\/311\/revisions\/377"}],"wp:attachment":[{"href":"https:\/\/borismeggiorin.com\/fr\/wp-json\/wp\/v2\/media?parent=311"}],"curies":[{"name":"wp","href":"https:\/\/api.w.org\/{rel}","templated":true}]}}