{"id":2,"date":"2023-07-13T16:12:16","date_gmt":"2023-07-13T14:12:16","guid":{"rendered":"http:\/\/borismeggiorin.com\/?page_id=2"},"modified":"2024-03-15T12:07:37","modified_gmt":"2024-03-15T11:07:37","slug":"page-d-exemple","status":"publish","type":"page","link":"https:\/\/borismeggiorin.com\/fr\/","title":{"rendered":""},"content":{"rendered":"<p class=\"has-text-align-center has-primary-color has-text-color has-larger-font-size\">Conception, r\u00e9daction et gestion de projets internationaux pour les m\u00e9dias et les institutions.<\/p>\n\n\n\n<p class=\"has-text-align-center\"><\/p>\n\n\n\n<figure class=\"wp-block-gallery has-nested-images columns-default is-cropped wp-block-gallery-1 is-layout-flex wp-block-gallery-is-layout-flex\">\n<figure class=\"wp-block-image size-large\"><a href=\"https:\/\/borismeggiorin.com\/fr\/actualites-medias-production\/\"><img decoding=\"async\" width=\"603\" height=\"604\" data-id=\"36\" data-src=\"https:\/\/borismeggiorin.com\/wp-content\/uploads\/2023\/07\/mediatitle.png\" alt=\"\" class=\"wp-image-36 lazyload\" data-srcset=\"https:\/\/borismeggiorin.com\/wp-content\/uploads\/2023\/07\/mediatitle.png 603w, https:\/\/borismeggiorin.com\/wp-content\/uploads\/2023\/07\/mediatitle-300x300.png 300w, https:\/\/borismeggiorin.com\/wp-content\/uploads\/2023\/07\/mediatitle-150x150.png 150w\" data-sizes=\"(max-width: 603px) 100vw, 603px\" src=\"data:image\/svg+xml;base64,PHN2ZyB3aWR0aD0iMSIgaGVpZ2h0PSIxIiB4bWxucz0iaHR0cDovL3d3dy53My5vcmcvMjAwMC9zdmciPjwvc3ZnPg==\" style=\"--smush-placeholder-width: 603px; --smush-placeholder-aspect-ratio: 603\/604;\" \/><\/a><\/figure>\n\n\n\n<figure class=\"wp-block-image size-full\"><a href=\"https:\/\/borismeggiorin.com\/fr\/gestion-des-projets-de-financement-de-lue\/\"><img decoding=\"async\" width=\"667\" height=\"667\" data-id=\"52\" data-src=\"https:\/\/borismeggiorin.com\/wp-content\/uploads\/2023\/07\/eufundstitle-2.png\" alt=\"\" class=\"wp-image-52 lazyload\" data-srcset=\"https:\/\/borismeggiorin.com\/wp-content\/uploads\/2023\/07\/eufundstitle-2.png 667w, https:\/\/borismeggiorin.com\/wp-content\/uploads\/2023\/07\/eufundstitle-2-300x300.png 300w, https:\/\/borismeggiorin.com\/wp-content\/uploads\/2023\/07\/eufundstitle-2-150x150.png 150w\" data-sizes=\"(max-width: 667px) 100vw, 667px\" src=\"data:image\/svg+xml;base64,PHN2ZyB3aWR0aD0iMSIgaGVpZ2h0PSIxIiB4bWxucz0iaHR0cDovL3d3dy53My5vcmcvMjAwMC9zdmciPjwvc3ZnPg==\" style=\"--smush-placeholder-width: 667px; --smush-placeholder-aspect-ratio: 667\/667;\" \/><\/a><\/figure>\n<\/figure>\n\n\n\n<p>\u00c9coutez les derniers \u00e9pisodes de mon \u00e9mission radio, \u00cele d'Europe, sur Euradio :<\/p>\n\n\n\n<figure class=\"wp-block-embed is-type-rich is-provider-soundcloud wp-block-embed-soundcloud\"><div class=\"wp-block-embed__wrapper\">\n<iframe title=\"Follow the money : la Cour des comptes europ\u00e9enne - \u00cele d&#039;Europe par euradio\" width=\"580\" height=\"400\" scrolling=\"no\" frameborder=\"no\" data-src=\"https:\/\/w.soundcloud.com\/player\/?visual=true&#038;url=https%3A%2F%2Fapi.soundcloud.com%2Ftracks%2F948875383&#038;show_artwork=true&#038;maxheight=870&#038;maxwidth=580\" src=\"data:image\/svg+xml;base64,PHN2ZyB3aWR0aD0iMSIgaGVpZ2h0PSIxIiB4bWxucz0iaHR0cDovL3d3dy53My5vcmcvMjAwMC9zdmciPjwvc3ZnPg==\" class=\"lazyload\" data-load-mode=\"1\"><\/iframe>\n<\/div><\/figure>\n\n\n\n<p>Dernier article publi\u00e9 :<\/p>\n\n\n\n<figure class=\"wp-block-image size-full\"><a href=\"https:\/\/www.diid.it\/diid\/index.php\/diid\/issue\/view\/diid79\" target=\"_blank\" rel=\"noreferrer noopener\"><img decoding=\"async\" width=\"697\" height=\"401\" data-src=\"https:\/\/borismeggiorin.com\/wp-content\/uploads\/2024\/03\/unibo_boris_meggiorin_bauhaus.png\" alt=\"Universit\u00e9 de Bologne - Financement europ\u00e9en pour l&#039;innovation intersectorielle et le nouveau Bauhaus europ\u00e9en\" class=\"wp-image-390 lazyload\" data-srcset=\"https:\/\/borismeggiorin.com\/wp-content\/uploads\/2024\/03\/unibo_boris_meggiorin_bauhaus.png 697w, https:\/\/borismeggiorin.com\/wp-content\/uploads\/2024\/03\/unibo_boris_meggiorin_bauhaus-300x173.png 300w, https:\/\/borismeggiorin.com\/wp-content\/uploads\/2024\/03\/unibo_boris_meggiorin_bauhaus-18x10.png 18w\" data-sizes=\"(max-width: 697px) 100vw, 697px\" src=\"data:image\/svg+xml;base64,PHN2ZyB3aWR0aD0iMSIgaGVpZ2h0PSIxIiB4bWxucz0iaHR0cDovL3d3dy53My5vcmcvMjAwMC9zdmciPjwvc3ZnPg==\" style=\"--smush-placeholder-width: 697px; --smush-placeholder-aspect-ratio: 697\/401;\" \/><\/a><figcaption class=\"wp-element-caption\">Universit\u00e9 de Bologne - Financements europ\u00e9ens pour l'innovation intersectorielle et la nouvelle Bauhaus europ\u00e9enne<\/figcaption><\/figure>","protected":false},"excerpt":{"rendered":"<p>Concevoir, \u00e9crire et g\u00e9rer des projets internationaux pour les m\u00e9dias et les institutions. Ecoutez les derniers \u00e9pisodes de mon \u00e9mission de radio, \u00cele d'Europe, sur Euradio : Dernier article publi\u00e9 :<\/p>","protected":false},"author":1,"featured_media":0,"parent":0,"menu_order":0,"comment_status":"closed","ping_status":"open","template":"","meta":{"footnotes":""},"class_list":["post-2","page","type-page","status-publish","hentry"],"_links":{"self":[{"href":"https:\/\/borismeggiorin.com\/fr\/wp-json\/wp\/v2\/pages\/2","targetHints":{"allow":["GET"]}}],"collection":[{"href":"https:\/\/borismeggiorin.com\/fr\/wp-json\/wp\/v2\/pages"}],"about":[{"href":"https:\/\/borismeggiorin.com\/fr\/wp-json\/wp\/v2\/types\/page"}],"author":[{"embeddable":true,"href":"https:\/\/borismeggiorin.com\/fr\/wp-json\/wp\/v2\/users\/1"}],"replies":[{"embeddable":true,"href":"https:\/\/borismeggiorin.com\/fr\/wp-json\/wp\/v2\/comments?post=2"}],"version-history":[{"count":17,"href":"https:\/\/borismeggiorin.com\/fr\/wp-json\/wp\/v2\/pages\/2\/revisions"}],"predecessor-version":[{"id":391,"href":"https:\/\/borismeggiorin.com\/fr\/wp-json\/wp\/v2\/pages\/2\/revisions\/391"}],"wp:attachment":[{"href":"https:\/\/borismeggiorin.com\/fr\/wp-json\/wp\/v2\/media?parent=2"}],"curies":[{"name":"wp","href":"https:\/\/api.w.org\/{rel}","templated":true}]}}