{"id":47,"date":"2023-07-16T10:38:18","date_gmt":"2023-07-16T08:38:18","guid":{"rendered":"https:\/\/borismeggiorin.com\/?page_id=47"},"modified":"2023-08-17T11:36:28","modified_gmt":"2023-08-17T09:36:28","slug":"eu-funding-project-management","status":"publish","type":"page","link":"https:\/\/borismeggiorin.com\/es\/eu-funding-project-management\/","title":{"rendered":"Financiaci\u00f3n y gesti\u00f3n de proyectos de la UE"},"content":{"rendered":"<p><strong>Servicios de financiaci\u00f3n UE de proyectos<\/strong><\/p>\n\n\n\n<p>La Uni\u00f3n Europea es un socio financiero clave para los proyectos locales, como proveedor de financiaci\u00f3n y conocimientos t\u00e9cnicos. Conocer la t\u00e9cnica para presentar con \u00e9xito una solicitud de proyecto forma parte del conjunto de competencias estrat\u00e9gicas que he adquirido a lo largo de los a\u00f1os.<\/p>\n\n\n\n<p>Cuando se trata del desarrollo de una organizaci\u00f3n, la dimensi\u00f3n internacional es un factor clave para la sostenibilidad financiera, la transferencia de conocimientos y el desarrollo de la marca.<\/p>\n\n\n\n<p>Mi experiencia incluye la auditor\u00eda de las necesidades y oportunidades, los socios potenciales y los temas, en la concepci\u00f3n de una estrategia eficaz y su aplicaci\u00f3n. Los fondos de la Uni\u00f3n Europea, entre otras subvenciones internacionales, son cruciales para que el desarrollo internacional de cualquier organizaci\u00f3n tenga \u00e9xito y sea resistente.<\/p>\n\n\n\n<p>Asesoramiento: an\u00e1lisis del problema, definici\u00f3n de necesidades, recursos, limitaciones, elaboraci\u00f3n de recomendaciones como entregables. La labor de asesoramiento puede incluir m\u00e1s orientaciones en funci\u00f3n de las necesidades del cliente. Por ejemplo, producir elementos de apoyo al proceso de toma de decisiones o defender una v\u00eda de desarrollo y su aplicaci\u00f3n.<\/p>\n\n\n\n<p>Adem\u00e1s del asesoramiento, presto apoyo a la aplicaci\u00f3n de estrategias y recomendaciones, colaborando en el esfuerzo de los equipos implicados (plasmaci\u00f3n de ideas en propuestas, redacci\u00f3n t\u00e9cnica, recopilaci\u00f3n y an\u00e1lisis de datos).<\/p>\n\n\n\n<p>Formaci\u00f3n: desarrollo de capacidades en temas como financiaci\u00f3n de la UE, internacionalizaci\u00f3n, aptitudes interculturales y temas pertinentes.<\/p>\n\n\n\n<p>Subcontrataci\u00f3n: elaboraci\u00f3n de proyectos y presentaci\u00f3n de solicitudes a convocatorias de financiaci\u00f3n de la UE. Concepci\u00f3n de ideas, redacci\u00f3n de documentos y proyectos intermedios, cabildeo, creaci\u00f3n de asociaciones; tambi\u00e9n incluye la coordinaci\u00f3n de reuniones y la producci\u00f3n de eventos, encuentros en l\u00ednea, fuera de l\u00ednea e h\u00edbridos. Gesti\u00f3n de los proyectos aprobados, ejecuci\u00f3n de las actividades, entrega de los productos, seguimiento de los resultados y evaluaci\u00f3n de los impactos. Apoyo t\u00e9cnico a la auditor\u00eda financiera y la certificaci\u00f3n de gastos.<\/p>\n\n\n\n<p><strong>He aqu\u00ed un anticipo de algunos proyectos destacados de la UE: <\/strong><\/p>\n\n\n\n<figure class=\"wp-block-gallery has-nested-images columns-default is-cropped wp-block-gallery-1 is-layout-flex wp-block-gallery-is-layout-flex\">\n<figure class=\"wp-block-image size-large\"><a href=\"https:\/\/borismeggiorin.com\/es\/new-european-bauhaus\/\"><img decoding=\"async\" width=\"1024\" height=\"1024\" data-id=\"94\" data-src=\"https:\/\/borismeggiorin.com\/wp-content\/uploads\/2023\/08\/2023-08-05-22-52-31-302-1024x1024.jpg\" alt=\"\" class=\"wp-image-94 lazyload\" data-srcset=\"https:\/\/borismeggiorin.com\/wp-content\/uploads\/2023\/08\/2023-08-05-22-52-31-302-1024x1024.jpg 1024w, https:\/\/borismeggiorin.com\/wp-content\/uploads\/2023\/08\/2023-08-05-22-52-31-302-300x300.jpg 300w, https:\/\/borismeggiorin.com\/wp-content\/uploads\/2023\/08\/2023-08-05-22-52-31-302-150x150.jpg 150w, https:\/\/borismeggiorin.com\/wp-content\/uploads\/2023\/08\/2023-08-05-22-52-31-302-768x769.jpg 768w, https:\/\/borismeggiorin.com\/wp-content\/uploads\/2023\/08\/2023-08-05-22-52-31-302.jpg 1065w\" data-sizes=\"(max-width: 1024px) 100vw, 1024px\" src=\"data:image\/svg+xml;base64,PHN2ZyB3aWR0aD0iMSIgaGVpZ2h0PSIxIiB4bWxucz0iaHR0cDovL3d3dy53My5vcmcvMjAwMC9zdmciPjwvc3ZnPg==\" style=\"--smush-placeholder-width: 1024px; --smush-placeholder-aspect-ratio: 1024\/1024;\" \/><\/a><figcaption class=\"wp-element-caption\">La Nueva Bauhaus Europea<\/figcaption><\/figure>\n\n\n\n<figure class=\"wp-block-image size-large\"><a href=\"https:\/\/borismeggiorin.com\/es\/brgm-agencia-geologica-francesa\/\"><img decoding=\"async\" width=\"600\" height=\"600\" data-id=\"97\" data-src=\"https:\/\/borismeggiorin.com\/wp-content\/uploads\/2023\/08\/2023-08-05-23-03-16-068.jpg\" alt=\"\" class=\"wp-image-97 lazyload\" data-srcset=\"https:\/\/borismeggiorin.com\/wp-content\/uploads\/2023\/08\/2023-08-05-23-03-16-068.jpg 600w, https:\/\/borismeggiorin.com\/wp-content\/uploads\/2023\/08\/2023-08-05-23-03-16-068-300x300.jpg 300w, https:\/\/borismeggiorin.com\/wp-content\/uploads\/2023\/08\/2023-08-05-23-03-16-068-150x150.jpg 150w\" data-sizes=\"(max-width: 600px) 100vw, 600px\" src=\"data:image\/svg+xml;base64,PHN2ZyB3aWR0aD0iMSIgaGVpZ2h0PSIxIiB4bWxucz0iaHR0cDovL3d3dy53My5vcmcvMjAwMC9zdmciPjwvc3ZnPg==\" style=\"--smush-placeholder-width: 600px; --smush-placeholder-aspect-ratio: 600\/600;\" \/><\/a><figcaption class=\"wp-element-caption\">BRGM Agencia geol\u00f3gica de Francia<\/figcaption><\/figure>\n\n\n\n<figure class=\"wp-block-image size-large\"><a href=\"https:\/\/borismeggiorin.com\/es\/deus-living-labs-erasmus\/\"><img decoding=\"async\" width=\"1024\" height=\"1024\" data-id=\"278\" data-src=\"https:\/\/borismeggiorin.com\/wp-content\/uploads\/2023\/08\/2023-08-07-23-41-51-278.jpg\" alt=\"\" class=\"wp-image-278 lazyload\" data-srcset=\"https:\/\/borismeggiorin.com\/wp-content\/uploads\/2023\/08\/2023-08-07-23-41-51-278.jpg 1024w, https:\/\/borismeggiorin.com\/wp-content\/uploads\/2023\/08\/2023-08-07-23-41-51-278-300x300.jpg 300w, https:\/\/borismeggiorin.com\/wp-content\/uploads\/2023\/08\/2023-08-07-23-41-51-278-150x150.jpg 150w, https:\/\/borismeggiorin.com\/wp-content\/uploads\/2023\/08\/2023-08-07-23-41-51-278-768x768.jpg 768w\" data-sizes=\"(max-width: 1024px) 100vw, 1024px\" src=\"data:image\/svg+xml;base64,PHN2ZyB3aWR0aD0iMSIgaGVpZ2h0PSIxIiB4bWxucz0iaHR0cDovL3d3dy53My5vcmcvMjAwMC9zdmciPjwvc3ZnPg==\" style=\"--smush-placeholder-width: 1024px; --smush-placeholder-aspect-ratio: 1024\/1024;\" \/><\/a><figcaption class=\"wp-element-caption\">Deus Living Labs - Erasmus+<\/figcaption><\/figure>\n\n\n\n<figure class=\"wp-block-image size-large\"><a href=\"https:\/\/borismeggiorin.com\/es\/rellenar\/\"><img decoding=\"async\" width=\"1024\" height=\"1024\" data-id=\"277\" data-src=\"https:\/\/borismeggiorin.com\/wp-content\/uploads\/2023\/08\/2023-08-08-00-35-05-306-1024x1024.jpg\" alt=\"\" class=\"wp-image-277 lazyload\" data-srcset=\"https:\/\/borismeggiorin.com\/wp-content\/uploads\/2023\/08\/2023-08-08-00-35-05-306-1024x1024.jpg 1024w, https:\/\/borismeggiorin.com\/wp-content\/uploads\/2023\/08\/2023-08-08-00-35-05-306-300x300.jpg 300w, https:\/\/borismeggiorin.com\/wp-content\/uploads\/2023\/08\/2023-08-08-00-35-05-306-150x150.jpg 150w, https:\/\/borismeggiorin.com\/wp-content\/uploads\/2023\/08\/2023-08-08-00-35-05-306-768x767.jpg 768w, https:\/\/borismeggiorin.com\/wp-content\/uploads\/2023\/08\/2023-08-08-00-35-05-306.jpg 1080w\" data-sizes=\"(max-width: 1024px) 100vw, 1024px\" src=\"data:image\/svg+xml;base64,PHN2ZyB3aWR0aD0iMSIgaGVpZ2h0PSIxIiB4bWxucz0iaHR0cDovL3d3dy53My5vcmcvMjAwMC9zdmciPjwvc3ZnPg==\" style=\"--smush-placeholder-width: 1024px; --smush-placeholder-aspect-ratio: 1024\/1024;\" \/><\/a><figcaption class=\"wp-element-caption\">REFILL URBACT<\/figcaption><\/figure>\n\n\n\n<figure class=\"wp-block-image size-large\"><a href=\"https:\/\/borismeggiorin.com\/es\/cultura-para-ciudades-y-regiones\/\"><img decoding=\"async\" width=\"552\" height=\"554\" data-id=\"268\" data-src=\"https:\/\/borismeggiorin.com\/wp-content\/uploads\/2023\/08\/2023-08-08-00-13-08-680.jpg\" alt=\"\" class=\"wp-image-268 lazyload\" data-srcset=\"https:\/\/borismeggiorin.com\/wp-content\/uploads\/2023\/08\/2023-08-08-00-13-08-680.jpg 552w, https:\/\/borismeggiorin.com\/wp-content\/uploads\/2023\/08\/2023-08-08-00-13-08-680-300x300.jpg 300w, https:\/\/borismeggiorin.com\/wp-content\/uploads\/2023\/08\/2023-08-08-00-13-08-680-150x150.jpg 150w\" data-sizes=\"(max-width: 552px) 100vw, 552px\" src=\"data:image\/svg+xml;base64,PHN2ZyB3aWR0aD0iMSIgaGVpZ2h0PSIxIiB4bWxucz0iaHR0cDovL3d3dy53My5vcmcvMjAwMC9zdmciPjwvc3ZnPg==\" style=\"--smush-placeholder-width: 552px; --smush-placeholder-aspect-ratio: 552\/554;\" \/><\/a><figcaption class=\"wp-element-caption\">Culture for cities and regions<\/figcaption><\/figure>\n\n\n\n<figure class=\"wp-block-image size-large\"><a href=\"https:\/\/borismeggiorin.com\/es\/alianza-europea-de-industrias-creativas\/\"><img decoding=\"async\" width=\"1024\" height=\"1024\" data-id=\"93\" data-src=\"https:\/\/borismeggiorin.com\/wp-content\/uploads\/2023\/08\/2023-08-05-22-57-01-783-1024x1024.jpg\" alt=\"\" class=\"wp-image-93 lazyload\" data-srcset=\"https:\/\/borismeggiorin.com\/wp-content\/uploads\/2023\/08\/2023-08-05-22-57-01-783-1024x1024.jpg 1024w, https:\/\/borismeggiorin.com\/wp-content\/uploads\/2023\/08\/2023-08-05-22-57-01-783-300x300.jpg 300w, https:\/\/borismeggiorin.com\/wp-content\/uploads\/2023\/08\/2023-08-05-22-57-01-783-150x150.jpg 150w, https:\/\/borismeggiorin.com\/wp-content\/uploads\/2023\/08\/2023-08-05-22-57-01-783-768x768.jpg 768w, https:\/\/borismeggiorin.com\/wp-content\/uploads\/2023\/08\/2023-08-05-22-57-01-783.jpg 1124w\" data-sizes=\"(max-width: 1024px) 100vw, 1024px\" src=\"data:image\/svg+xml;base64,PHN2ZyB3aWR0aD0iMSIgaGVpZ2h0PSIxIiB4bWxucz0iaHR0cDovL3d3dy53My5vcmcvMjAwMC9zdmciPjwvc3ZnPg==\" style=\"--smush-placeholder-width: 1024px; --smush-placeholder-aspect-ratio: 1024\/1024;\" \/><\/a><figcaption class=\"wp-element-caption\">European Creative Industries Alliance<\/figcaption><\/figure>\n<\/figure>\n\n\n\n<p><strong>Consulte toda la cartera de proyectos europeos:<\/strong><\/p>\n\n\n\n<figure class=\"wp-block-image size-full\"><a href=\"https:\/\/borismeggiorin.com\/es\/eu-projects-portfolio\/\"><img decoding=\"async\" width=\"604\" height=\"235\" data-src=\"https:\/\/borismeggiorin.com\/wp-content\/uploads\/2023\/08\/euportfolio.png\" alt=\"\" class=\"wp-image-61 lazyload\" data-srcset=\"https:\/\/borismeggiorin.com\/wp-content\/uploads\/2023\/08\/euportfolio.png 604w, https:\/\/borismeggiorin.com\/wp-content\/uploads\/2023\/08\/euportfolio-300x117.png 300w\" data-sizes=\"(max-width: 604px) 100vw, 604px\" src=\"data:image\/svg+xml;base64,PHN2ZyB3aWR0aD0iMSIgaGVpZ2h0PSIxIiB4bWxucz0iaHR0cDovL3d3dy53My5vcmcvMjAwMC9zdmciPjwvc3ZnPg==\" style=\"--smush-placeholder-width: 604px; --smush-placeholder-aspect-ratio: 604\/235;\" \/><\/a><\/figure>","protected":false},"excerpt":{"rendered":"<p>EU project financing services The European Union is a key financial partner to local projects, as a provider of funding and know-how. Mastering the technique to file a successful project application is part of the strategic set of competencies that I have acquired through the years. When it comes to the development of an organisation, [&hellip;]<\/p>\n","protected":false},"author":1,"featured_media":0,"parent":0,"menu_order":0,"comment_status":"closed","ping_status":"closed","template":"","meta":{"footnotes":""},"class_list":["post-47","page","type-page","status-publish","hentry"],"_links":{"self":[{"href":"https:\/\/borismeggiorin.com\/es\/wp-json\/wp\/v2\/pages\/47","targetHints":{"allow":["GET"]}}],"collection":[{"href":"https:\/\/borismeggiorin.com\/es\/wp-json\/wp\/v2\/pages"}],"about":[{"href":"https:\/\/borismeggiorin.com\/es\/wp-json\/wp\/v2\/types\/page"}],"author":[{"embeddable":true,"href":"https:\/\/borismeggiorin.com\/es\/wp-json\/wp\/v2\/users\/1"}],"replies":[{"embeddable":true,"href":"https:\/\/borismeggiorin.com\/es\/wp-json\/wp\/v2\/comments?post=47"}],"version-history":[{"count":4,"href":"https:\/\/borismeggiorin.com\/es\/wp-json\/wp\/v2\/pages\/47\/revisions"}],"predecessor-version":[{"id":369,"href":"https:\/\/borismeggiorin.com\/es\/wp-json\/wp\/v2\/pages\/47\/revisions\/369"}],"wp:attachment":[{"href":"https:\/\/borismeggiorin.com\/es\/wp-json\/wp\/v2\/media?parent=47"}],"curies":[{"name":"wp","href":"https:\/\/api.w.org\/{rel}","templated":true}]}}