{"id":45,"date":"2023-07-16T10:25:11","date_gmt":"2023-07-16T08:25:11","guid":{"rendered":"https:\/\/borismeggiorin.com\/?page_id=45"},"modified":"2023-08-17T11:43:27","modified_gmt":"2023-08-17T09:43:27","slug":"news-media-production","status":"publish","type":"page","link":"https:\/\/borismeggiorin.com\/es\/noticias-media-produccion\/","title":{"rendered":"Producci\u00f3n de noticias y medios de comunicaci\u00f3n"},"content":{"rendered":"<p><strong>Servicios de comunicaci\u00f3n y producci\u00f3n<\/strong><\/p>\n\n\n\n<p>Producci\u00f3n de servicios externalizados: documentos preparatorios y contenidos listos para publicar en radio, audio y prensa escrita.<\/p>\n\n\n\n<p>Producci\u00f3n de noticias en formato audio y escrito.<\/p>\n\n\n\n<p><strong>Especializado en<\/strong>:<\/p>\n\n\n\n<p>- Temas y acontecimientos paneuropeos<\/p>\n\n\n\n<p>- Punto de vista comparativo de temas locales (europeos e internacionales)<\/p>\n\n\n\n<p>- Cobertura de los acontecimientos en Venecia (Italia)<\/p>\n\n\n\n<p>- Evaluaci\u00f3n y valoraci\u00f3n de los contenidos existentes. Trabajo en colaboraci\u00f3n para producir o editar nuevos activos.<\/p>\n\n\n\n<p>- Enfoque vertical: an\u00e1lisis en profundidad<\/p>\n\n\n\n<p>- Enfoque horizontal: an\u00e1lisis comparativo y paneuropeo<\/p>\n\n\n\n<p>- Recogida de datos<\/p>\n\n\n\n<p><strong>Producci\u00f3n para<\/strong>:<\/p>\n\n\n\n<p>- Noticias<\/p>\n\n\n\n<p>- Paquetes multimedia<\/p>\n\n\n\n<p>- Documentales y reportajes radiof\u00f3nicos<\/p>\n\n\n\n<p><strong>Fixer<\/strong>: Apoyo log\u00edstico, b\u00fasqueda de contactos y de localizaciones para las actividades de producci\u00f3n en Venecia (Italia).<\/p>\n\n\n\n<p><strong>He aqu\u00ed una selecci\u00f3n de algunos proyectos recientes:<\/strong><\/p>\n\n\n\n<figure class=\"wp-block-gallery has-nested-images columns-default is-cropped wp-block-gallery-1 is-layout-flex wp-block-gallery-is-layout-flex\">\n<figure class=\"wp-block-image size-large\"><a href=\"https:\/\/borismeggiorin.com\/es\/the-grand-tour-bbc-2\/\"><img decoding=\"async\" width=\"1024\" height=\"1024\" data-id=\"73\" data-src=\"https:\/\/borismeggiorin.com\/wp-content\/uploads\/2023\/08\/2023-08-05-22-24-34-476-1024x1024.jpg\" alt=\"\" class=\"wp-image-73 lazyload\" data-srcset=\"https:\/\/borismeggiorin.com\/wp-content\/uploads\/2023\/08\/2023-08-05-22-24-34-476-1024x1024.jpg 1024w, https:\/\/borismeggiorin.com\/wp-content\/uploads\/2023\/08\/2023-08-05-22-24-34-476-300x300.jpg 300w, https:\/\/borismeggiorin.com\/wp-content\/uploads\/2023\/08\/2023-08-05-22-24-34-476-150x150.jpg 150w, https:\/\/borismeggiorin.com\/wp-content\/uploads\/2023\/08\/2023-08-05-22-24-34-476-768x768.jpg 768w, https:\/\/borismeggiorin.com\/wp-content\/uploads\/2023\/08\/2023-08-05-22-24-34-476.jpg 1080w\" data-sizes=\"(max-width: 1024px) 100vw, 1024px\" src=\"data:image\/svg+xml;base64,PHN2ZyB3aWR0aD0iMSIgaGVpZ2h0PSIxIiB4bWxucz0iaHR0cDovL3d3dy53My5vcmcvMjAwMC9zdmciPjwvc3ZnPg==\" style=\"--smush-placeholder-width: 1024px; --smush-placeholder-aspect-ratio: 1024\/1024;\" \/><\/a><figcaption class=\"wp-element-caption\">The Grand Tour - BBC 2<\/figcaption><\/figure>\n\n\n\n<figure class=\"wp-block-image size-large\"><a href=\"https:\/\/borismeggiorin.com\/es\/ile-deurope\/\"><img decoding=\"async\" width=\"1024\" height=\"1024\" data-id=\"69\" data-src=\"https:\/\/borismeggiorin.com\/wp-content\/uploads\/2023\/08\/2023-08-05-21-21-56-617-1024x1024.jpg\" alt=\"\" class=\"wp-image-69 lazyload\" data-srcset=\"https:\/\/borismeggiorin.com\/wp-content\/uploads\/2023\/08\/2023-08-05-21-21-56-617-1024x1024.jpg 1024w, https:\/\/borismeggiorin.com\/wp-content\/uploads\/2023\/08\/2023-08-05-21-21-56-617-300x300.jpg 300w, https:\/\/borismeggiorin.com\/wp-content\/uploads\/2023\/08\/2023-08-05-21-21-56-617-150x150.jpg 150w, https:\/\/borismeggiorin.com\/wp-content\/uploads\/2023\/08\/2023-08-05-21-21-56-617-768x768.jpg 768w, https:\/\/borismeggiorin.com\/wp-content\/uploads\/2023\/08\/2023-08-05-21-21-56-617-1200x1200.jpg 1200w, https:\/\/borismeggiorin.com\/wp-content\/uploads\/2023\/08\/2023-08-05-21-21-56-617.jpg 1400w\" data-sizes=\"(max-width: 1024px) 100vw, 1024px\" src=\"data:image\/svg+xml;base64,PHN2ZyB3aWR0aD0iMSIgaGVpZ2h0PSIxIiB4bWxucz0iaHR0cDovL3d3dy53My5vcmcvMjAwMC9zdmciPjwvc3ZnPg==\" style=\"--smush-placeholder-width: 1024px; --smush-placeholder-aspect-ratio: 1024\/1024;\" \/><\/a><figcaption class=\"wp-element-caption\">\u00cele d'Europe en Euradio<\/figcaption><\/figure>\n\n\n\n<figure class=\"wp-block-image size-large\"><a href=\"https:\/\/borismeggiorin.com\/es\/cara-b\/\"><img decoding=\"async\" width=\"413\" height=\"300\" data-id=\"353\" data-src=\"https:\/\/borismeggiorin.com\/wp-content\/uploads\/2023\/08\/bside_euradio.jpg\" alt=\"bside_euradio\" class=\"wp-image-353 lazyload\" data-srcset=\"https:\/\/borismeggiorin.com\/wp-content\/uploads\/2023\/08\/bside_euradio.jpg 413w, https:\/\/borismeggiorin.com\/wp-content\/uploads\/2023\/08\/bside_euradio-300x218.jpg 300w, https:\/\/borismeggiorin.com\/wp-content\/uploads\/2023\/08\/bside_euradio-18x12.jpg 18w\" data-sizes=\"(max-width: 413px) 100vw, 413px\" src=\"data:image\/svg+xml;base64,PHN2ZyB3aWR0aD0iMSIgaGVpZ2h0PSIxIiB4bWxucz0iaHR0cDovL3d3dy53My5vcmcvMjAwMC9zdmciPjwvc3ZnPg==\" style=\"--smush-placeholder-width: 413px; --smush-placeholder-aspect-ratio: 413\/300;\" \/><\/a><figcaption class=\"wp-element-caption\">B-Side en Euradio<\/figcaption><\/figure>\n<\/figure>\n\n\n\n<p><strong>Navegue por la cartera de proyectos Media:<\/strong><\/p>\n\n\n\n<figure class=\"wp-block-image size-full\"><a href=\"https:\/\/borismeggiorin.com\/es\/media-projects-portfolio\/\"><img decoding=\"async\" width=\"604\" height=\"235\" data-src=\"https:\/\/borismeggiorin.com\/wp-content\/uploads\/2023\/08\/mediaportfolio.png\" alt=\"\" class=\"wp-image-58 lazyload\" data-srcset=\"https:\/\/borismeggiorin.com\/wp-content\/uploads\/2023\/08\/mediaportfolio.png 604w, https:\/\/borismeggiorin.com\/wp-content\/uploads\/2023\/08\/mediaportfolio-300x117.png 300w\" data-sizes=\"(max-width: 604px) 100vw, 604px\" src=\"data:image\/svg+xml;base64,PHN2ZyB3aWR0aD0iMSIgaGVpZ2h0PSIxIiB4bWxucz0iaHR0cDovL3d3dy53My5vcmcvMjAwMC9zdmciPjwvc3ZnPg==\" style=\"--smush-placeholder-width: 604px; --smush-placeholder-aspect-ratio: 604\/235;\" \/><\/a><\/figure>","protected":false},"excerpt":{"rendered":"<p>Communication and production services Production of outsourced services: preparatory documents and ready-to-publish content for radio, audio and written press outlets. News production in audio and written format. Specialised in: &#8211; Pan-European topics and events &#8211; Comparative point of view of local topics (European and international) &#8211; Coverage of events in Venice (Italy) &#8211; Evaluation and [&hellip;]<\/p>\n","protected":false},"author":1,"featured_media":0,"parent":0,"menu_order":0,"comment_status":"closed","ping_status":"closed","template":"","meta":{"footnotes":""},"class_list":["post-45","page","type-page","status-publish","hentry"],"_links":{"self":[{"href":"https:\/\/borismeggiorin.com\/es\/wp-json\/wp\/v2\/pages\/45","targetHints":{"allow":["GET"]}}],"collection":[{"href":"https:\/\/borismeggiorin.com\/es\/wp-json\/wp\/v2\/pages"}],"about":[{"href":"https:\/\/borismeggiorin.com\/es\/wp-json\/wp\/v2\/types\/page"}],"author":[{"embeddable":true,"href":"https:\/\/borismeggiorin.com\/es\/wp-json\/wp\/v2\/users\/1"}],"replies":[{"embeddable":true,"href":"https:\/\/borismeggiorin.com\/es\/wp-json\/wp\/v2\/comments?post=45"}],"version-history":[{"count":9,"href":"https:\/\/borismeggiorin.com\/es\/wp-json\/wp\/v2\/pages\/45\/revisions"}],"predecessor-version":[{"id":373,"href":"https:\/\/borismeggiorin.com\/es\/wp-json\/wp\/v2\/pages\/45\/revisions\/373"}],"wp:attachment":[{"href":"https:\/\/borismeggiorin.com\/es\/wp-json\/wp\/v2\/media?parent=45"}],"curies":[{"name":"wp","href":"https:\/\/api.w.org\/{rel}","templated":true}]}}