{"id":311,"date":"2023-08-09T22:35:40","date_gmt":"2023-08-09T20:35:40","guid":{"rendered":"https:\/\/borismeggiorin.com\/?page_id=311"},"modified":"2023-08-17T12:30:16","modified_gmt":"2023-08-17T10:30:16","slug":"311-2","status":"publish","type":"page","link":"https:\/\/borismeggiorin.com\/es\/311-2\/","title":{"rendered":"Acerca"},"content":{"rendered":"<p>Me llamo Boris Meggiorin y estoy especializado en la concepci\u00f3n y producci\u00f3n de proyectos h\u00edbridos e innovadores, especialmente de radio, televisi\u00f3n, prensa, producci\u00f3n de noticias y comunicaci\u00f3n internacional para instituciones p\u00fablicas.<\/p>\n\n\n\n<p>Mi experiencia abarca tambi\u00e9n la creaci\u00f3n de partenariados internacionales, la gesti\u00f3n de fondos europeos para el desarrollo territorial, la investigaci\u00f3n, la innovaci\u00f3n, la regeneraci\u00f3n urbana y las industrias culturales y creativas.<\/p>\n\n\n\n<p>Desde 2014 trabajo como autora y productora de contenidos informativos y medi\u00e1ticos y como locutora de radio para varias emisoras europeas.<\/p>\n\n\n\n<p>He estado trabajando con las autoridades p\u00fablicas locales y regionales y sus agencias para aprovechar las oportunidades que ofrece la Uni\u00f3n Europea a trav\u00e9s de sus programas de financiaci\u00f3n.<\/p>\n\n\n\n<p>Me apasiona el funcionamiento de la Uni\u00f3n Europea, la cultura y los medios de comunicaci\u00f3n.<\/p>\n\n\n\n<p>Los medios de comunicaci\u00f3n, el desarrollo de proyectos, la gesti\u00f3n y la financiaci\u00f3n son mis principales \u00e1reas de intervenci\u00f3n.<\/p>\n\n\n\n<p>Mi trayectoria acad\u00e9mica se centr\u00f3 en el campo del periodismo, las relaciones internacionales, la econom\u00eda, el derecho internacional del comercio y la industria.<\/p>\n\n\n\n<p>Siempre estoy dispuesto a compartir mis conocimientos con instituciones de ense\u00f1anza superior, como la Universidad de Barcelona y la Audencia Business School de Nantes (Francia).<\/p>\n\n\n\n<p>He vivido y trabajado en Italia, Espa\u00f1a, Suecia y Francia.<\/p>\n\n\n\n<p>En mi trabajo utilizo 6 idiomas (ingl\u00e9s, franc\u00e9s, espa\u00f1ol, italiano, portugu\u00e9s y catal\u00e1n).<\/p>\n\n\n\n<p>P\u00f3ngase en contacto conmigo si desea tratar estos temas con m\u00e1s detalle.<\/p>\n\n\n\n<figure class=\"wp-block-image size-large\"><img decoding=\"async\" width=\"1024\" height=\"1024\" data-src=\"https:\/\/borismeggiorin.com\/wp-content\/uploads\/2023\/08\/Boris-1024x1024.jpg\" alt=\"\" class=\"wp-image-375 lazyload\" data-srcset=\"https:\/\/borismeggiorin.com\/wp-content\/uploads\/2023\/08\/Boris-1024x1024.jpg 1024w, https:\/\/borismeggiorin.com\/wp-content\/uploads\/2023\/08\/Boris-300x300.jpg 300w, https:\/\/borismeggiorin.com\/wp-content\/uploads\/2023\/08\/Boris-150x150.jpg 150w, https:\/\/borismeggiorin.com\/wp-content\/uploads\/2023\/08\/Boris-768x768.jpg 768w, https:\/\/borismeggiorin.com\/wp-content\/uploads\/2023\/08\/Boris-1536x1536.jpg 1536w, https:\/\/borismeggiorin.com\/wp-content\/uploads\/2023\/08\/Boris-12x12.jpg 12w, https:\/\/borismeggiorin.com\/wp-content\/uploads\/2023\/08\/Boris-1200x1200.jpg 1200w, https:\/\/borismeggiorin.com\/wp-content\/uploads\/2023\/08\/Boris.jpg 1942w\" data-sizes=\"(max-width: 1024px) 100vw, 1024px\" src=\"data:image\/svg+xml;base64,PHN2ZyB3aWR0aD0iMSIgaGVpZ2h0PSIxIiB4bWxucz0iaHR0cDovL3d3dy53My5vcmcvMjAwMC9zdmciPjwvc3ZnPg==\" style=\"--smush-placeholder-width: 1024px; --smush-placeholder-aspect-ratio: 1024\/1024;\" \/><figcaption class=\"wp-element-caption\">Boris Meggiorin<\/figcaption><\/figure>","protected":false},"excerpt":{"rendered":"<p>My name is Boris Meggiorin, and I am specialised in the conception and the production of hybrid and innovative projects, especially those involving radio, tv, press, news production and international communication for public institutions. My expertise also covers the creation of international partnerships, the management of European funds for territorial development, research, innovation, urban regeneration, [&hellip;]<\/p>\n","protected":false},"author":1,"featured_media":0,"parent":0,"menu_order":0,"comment_status":"closed","ping_status":"closed","template":"","meta":{"footnotes":""},"class_list":["post-311","page","type-page","status-publish","hentry"],"_links":{"self":[{"href":"https:\/\/borismeggiorin.com\/es\/wp-json\/wp\/v2\/pages\/311","targetHints":{"allow":["GET"]}}],"collection":[{"href":"https:\/\/borismeggiorin.com\/es\/wp-json\/wp\/v2\/pages"}],"about":[{"href":"https:\/\/borismeggiorin.com\/es\/wp-json\/wp\/v2\/types\/page"}],"author":[{"embeddable":true,"href":"https:\/\/borismeggiorin.com\/es\/wp-json\/wp\/v2\/users\/1"}],"replies":[{"embeddable":true,"href":"https:\/\/borismeggiorin.com\/es\/wp-json\/wp\/v2\/comments?post=311"}],"version-history":[{"count":11,"href":"https:\/\/borismeggiorin.com\/es\/wp-json\/wp\/v2\/pages\/311\/revisions"}],"predecessor-version":[{"id":377,"href":"https:\/\/borismeggiorin.com\/es\/wp-json\/wp\/v2\/pages\/311\/revisions\/377"}],"wp:attachment":[{"href":"https:\/\/borismeggiorin.com\/es\/wp-json\/wp\/v2\/media?parent=311"}],"curies":[{"name":"wp","href":"https:\/\/api.w.org\/{rel}","templated":true}]}}